{"id":12,"date":"2022-11-06T13:47:50","date_gmt":"2022-11-06T13:47:50","guid":{"rendered":"https:\/\/g-waytech.com\/?page_id=12"},"modified":"2026-03-12T10:27:02","modified_gmt":"2026-03-12T10:27:02","slug":"contact","status":"publish","type":"page","link":"https:\/\/g-waytech.com\/en\/contact\/","title":{"rendered":"Contact"},"content":{"rendered":"<div data-elementor-type=\"wp-page\" data-elementor-id=\"12\" class=\"elementor elementor-12\">\n\t\t\t\t\t\t\t\t\t<header class=\"elementor-section elementor-top-section elementor-element elementor-element-63bb924a elementor-section-height-min-height elementor-section-content-middle elementor-section-boxed elementor-section-height-default elementor-section-items-middle\" data-id=\"63bb924a\" data-element_type=\"section\" data-settings=\"{&quot;background_background&quot;:&quot;classic&quot;,&quot;shape_divider_bottom&quot;:&quot;opacity-tilt&quot;}\">\n\t\t\t\t\t\t\t<div class=\"elementor-background-overlay\"><\/div>\n\t\t\t\t\t\t<div class=\"elementor-shape elementor-shape-bottom\" data-negative=\"false\">\n\t\t\t<svg xmlns=\"http:\/\/www.w3.org\/2000\/svg\" viewbox=\"0 0 2600 131.1\" preserveaspectratio=\"none\">\n\t<path class=\"elementor-shape-fill\" d=\"M0 0L2600 0 2600 69.1 0 0z\"\/>\n\t<path class=\"elementor-shape-fill\" style=\"opacity:0.5\" d=\"M0 0L2600 0 2600 69.1 0 69.1z\"\/>\n\t<path class=\"elementor-shape-fill\" style=\"opacity:0.25\" d=\"M2600 0L0 0 0 130.1 2600 69.1z\"\/>\n<\/svg>\t\t<\/div>\n\t\t\t\t\t<div class=\"elementor-container elementor-column-gap-extended\">\n\t\t\t\t\t<div class=\"elementor-column elementor-col-100 elementor-top-column elementor-element elementor-element-409b9766\" data-id=\"409b9766\" data-element_type=\"column\">\n\t\t\t<div class=\"elementor-widget-wrap elementor-element-populated\">\n\t\t\t\t\t\t\t\t<div class=\"elementor-element elementor-element-34a9c2fa elementor-invisible elementor-widget elementor-widget-text-editor\" data-id=\"34a9c2fa\" data-element_type=\"widget\" data-settings=\"{&quot;_animation&quot;:&quot;fadeInDown&quot;}\" data-widget_type=\"text-editor.default\">\n\t\t\t\t<div class=\"elementor-widget-container\">\n\t\t\t<style>\/*! elementor - v3.16.0 - 09-10-2023 *\/\n.elementor-widget-text-editor.elementor-drop-cap-view-stacked .elementor-drop-cap{background-color:#69727d;color:#fff}.elementor-widget-text-editor.elementor-drop-cap-view-framed .elementor-drop-cap{color:#69727d;border:3px solid;background-color:transparent}.elementor-widget-text-editor:not(.elementor-drop-cap-view-default) .elementor-drop-cap{margin-top:8px}.elementor-widget-text-editor:not(.elementor-drop-cap-view-default) .elementor-drop-cap-letter{width:1em;height:1em}.elementor-widget-text-editor .elementor-drop-cap{float:left;text-align:center;line-height:1;font-size:50px}.elementor-widget-text-editor .elementor-drop-cap-letter{display:inline-block}<\/style>\t\t\t\t<p>For more information<\/p>\t\t\t\t\t\t<\/div>\n\t\t\t\t<\/div>\n\t\t\t\t<div class=\"elementor-element elementor-element-734ac3fd elementor-invisible elementor-widget elementor-widget-heading\" data-id=\"734ac3fd\" data-element_type=\"widget\" data-settings=\"{&quot;_animation&quot;:&quot;fadeInDown&quot;,&quot;_animation_delay&quot;:200}\" data-widget_type=\"heading.default\">\n\t\t\t\t<div class=\"elementor-widget-container\">\n\t\t\t<style>\/*! elementor - v3.16.0 - 09-10-2023 *\/\n.elementor-heading-title{padding:0;margin:0;line-height:1}.elementor-widget-heading .elementor-heading-title[class*=elementor-size-]>a{color:inherit;font-size:inherit;line-height:inherit}.elementor-widget-heading .elementor-heading-title.elementor-size-small{font-size:15px}.elementor-widget-heading .elementor-heading-title.elementor-size-medium{font-size:19px}.elementor-widget-heading .elementor-heading-title.elementor-size-large{font-size:29px}.elementor-widget-heading .elementor-heading-title.elementor-size-xl{font-size:39px}.elementor-widget-heading .elementor-heading-title.elementor-size-xxl{font-size:59px}<\/style><h1 class=\"elementor-heading-title elementor-size-default\">Contact us<\/h1>\t\t<\/div>\n\t\t\t\t<\/div>\n\t\t\t\t<div class=\"elementor-element elementor-element-3bce702d elementor-invisible elementor-widget elementor-widget-text-editor\" data-id=\"3bce702d\" data-element_type=\"widget\" data-settings=\"{&quot;_animation&quot;:&quot;fadeInUp&quot;,&quot;_animation_delay&quot;:400}\" data-widget_type=\"text-editor.default\">\n\t\t\t\t<div class=\"elementor-widget-container\">\n\t\t\t\t\t\t\t<p>We will be delighted to assist you at every stage of your projects.<\/p>\t\t\t\t\t\t<\/div>\n\t\t\t\t<\/div>\n\t\t\t\t\t<\/div>\n\t\t<\/div>\n\t\t\t\t\t\t\t<\/div>\n\t\t<\/header>\n\t\t\t\t<section class=\"elementor-section elementor-top-section elementor-element elementor-element-693a1231 elementor-section-content-middle elementor-section-boxed elementor-section-height-default elementor-section-height-default\" data-id=\"693a1231\" data-element_type=\"section\" data-settings=\"{&quot;background_background&quot;:&quot;classic&quot;}\">\n\t\t\t\t\t\t<div class=\"elementor-container elementor-column-gap-extended\">\n\t\t\t\t\t<div class=\"elementor-column elementor-col-50 elementor-top-column elementor-element elementor-element-b38c9b\" data-id=\"b38c9b\" data-element_type=\"column\">\n\t\t\t<div class=\"elementor-widget-wrap elementor-element-populated\">\n\t\t\t\t\t\t\t\t<div class=\"elementor-element elementor-element-52f0d73c elementor-widget elementor-widget-image\" data-id=\"52f0d73c\" data-element_type=\"widget\" data-widget_type=\"image.default\">\n\t\t\t\t<div class=\"elementor-widget-container\">\n\t\t\t<style>\/*! elementor - v3.16.0 - 09-10-2023 *\/\n.elementor-widget-image{text-align:center}.elementor-widget-image a{display:inline-block}.elementor-widget-image a img[src$=\".svg\"]{width:48px}.elementor-widget-image img{vertical-align:middle;display:inline-block}<\/style>\t\t\t\t\t\t\t\t\t\t\t\t<img loading=\"lazy\" decoding=\"async\" width=\"520\" height=\"352\" src=\"https:\/\/g-waytech.com\/wp-content\/uploads\/2026\/02\/Us-army.png\" class=\"attachment-full size-full wp-image-2327\" alt=\"\" srcset=\"https:\/\/g-waytech.com\/wp-content\/uploads\/2026\/02\/Us-army.png 520w, https:\/\/g-waytech.com\/wp-content\/uploads\/2026\/02\/Us-army-300x203.png 300w, https:\/\/g-waytech.com\/wp-content\/uploads\/2026\/02\/Us-army-18x12.png 18w\" sizes=\"auto, (max-width: 520px) 100vw, 520px\" \/>\t\t\t\t\t\t\t\t\t\t\t\t\t\t\t<\/div>\n\t\t\t\t<\/div>\n\t\t\t\t<div class=\"elementor-element elementor-element-735fb0b7 elementor-align-left elementor-icon-list--layout-traditional elementor-list-item-link-full_width elementor-widget elementor-widget-icon-list\" data-id=\"735fb0b7\" data-element_type=\"widget\" data-widget_type=\"icon-list.default\">\n\t\t\t\t<div class=\"elementor-widget-container\">\n\t\t\t<link rel=\"stylesheet\" href=\"https:\/\/g-waytech.com\/wp-content\/plugins\/elementor\/assets\/css\/widget-icon-list.min.css\">\t\t<ul class=\"elementor-icon-list-items\">\n\t\t\t\t\t\t\t<li class=\"elementor-icon-list-item\">\n\t\t\t\t\t\t\t\t\t\t\t<span class=\"elementor-icon-list-icon\">\n\t\t\t\t\t\t\t<i aria-hidden=\"true\" class=\"fas fa-mobile-alt\"><\/i>\t\t\t\t\t\t<\/span>\n\t\t\t\t\t\t\t\t\t\t<span class=\"elementor-icon-list-text\">+223 77871787<\/span>\n\t\t\t\t\t\t\t\t\t<\/li>\n\t\t\t\t\t\t<\/ul>\n\t\t\t\t<\/div>\n\t\t\t\t<\/div>\n\t\t\t\t\t<\/div>\n\t\t<\/div>\n\t\t\t\t<div class=\"elementor-column elementor-col-50 elementor-top-column elementor-element elementor-element-48146d5f\" data-id=\"48146d5f\" data-element_type=\"column\">\n\t\t\t<div class=\"elementor-widget-wrap elementor-element-populated\">\n\t\t\t\t\t\t\t\t<div class=\"elementor-element elementor-element-96a96a0 elementor-widget elementor-widget-image\" data-id=\"96a96a0\" data-element_type=\"widget\" data-widget_type=\"image.default\">\n\t\t\t\t<div class=\"elementor-widget-container\">\n\t\t\t\t\t\t\t\t\t\t\t\t\t\t\t<img loading=\"lazy\" decoding=\"async\" width=\"936\" height=\"622\" src=\"https:\/\/g-waytech.com\/wp-content\/uploads\/2026\/02\/3.png\" class=\"attachment-full size-full wp-image-2320\" alt=\"\" srcset=\"https:\/\/g-waytech.com\/wp-content\/uploads\/2026\/02\/3.png 936w, https:\/\/g-waytech.com\/wp-content\/uploads\/2026\/02\/3-300x199.png 300w, https:\/\/g-waytech.com\/wp-content\/uploads\/2026\/02\/3-768x510.png 768w, https:\/\/g-waytech.com\/wp-content\/uploads\/2026\/02\/3-18x12.png 18w\" sizes=\"auto, (max-width: 936px) 100vw, 936px\" \/>\t\t\t\t\t\t\t\t\t\t\t\t\t\t\t<\/div>\n\t\t\t\t<\/div>\n\t\t\t\t<div class=\"elementor-element elementor-element-2a79440c elementor-align-left elementor-icon-list--layout-traditional elementor-list-item-link-full_width elementor-widget elementor-widget-icon-list\" data-id=\"2a79440c\" data-element_type=\"widget\" data-widget_type=\"icon-list.default\">\n\t\t\t\t<div class=\"elementor-widget-container\">\n\t\t\t\t\t<ul class=\"elementor-icon-list-items\">\n\t\t\t\t\t\t\t<li class=\"elementor-icon-list-item\">\n\t\t\t\t\t\t\t\t\t\t\t<a href=\"#\">\n\n\t\t\t\t\t\t\t\t\t\t\t\t<span class=\"elementor-icon-list-icon\">\n\t\t\t\t\t\t\t<i aria-hidden=\"true\" class=\"far fa-envelope\"><\/i>\t\t\t\t\t\t<\/span>\n\t\t\t\t\t\t\t\t\t\t<span class=\"elementor-icon-list-text\">info@g-waytech.com<\/span>\n\t\t\t\t\t\t\t\t\t\t\t<\/a>\n\t\t\t\t\t\t\t\t\t<\/li>\n\t\t\t\t\t\t<\/ul>\n\t\t\t\t<\/div>\n\t\t\t\t<\/div>\n\t\t\t\t\t<\/div>\n\t\t<\/div>\n\t\t\t\t\t\t\t<\/div>\n\t\t<\/section>\n\t\t\t\t\t\t\t<\/div>","protected":false},"excerpt":{"rendered":"<p>Pour plus d&rsquo;informations Contactez-nous Nous serons ravis de vous accompagner \u00e0 chaque \u00e9tape de r\u00e9alisation de vos projets. +223 77871787 info@g-waytech.com<\/p>","protected":false},"author":1,"featured_media":0,"parent":0,"menu_order":0,"comment_status":"closed","ping_status":"closed","template":"","meta":{"footnotes":""},"class_list":["post-12","page","type-page","status-publish","hentry","entry"],"yoast_head":"<!-- This site is optimized with the Yoast SEO plugin v21.3 - https:\/\/yoast.com\/wordpress\/plugins\/seo\/ -->\n<title>Contact - G-WayTech<\/title>\n<meta name=\"robots\" content=\"index, follow, max-snippet:-1, max-image-preview:large, max-video-preview:-1\" \/>\n<link rel=\"canonical\" href=\"https:\/\/g-waytech.com\/en\/contact\/\" \/>\n<meta property=\"og:locale\" content=\"en_US\" \/>\n<meta property=\"og:type\" content=\"article\" \/>\n<meta property=\"og:title\" content=\"Contact - G-WayTech\" \/>\n<meta property=\"og:description\" content=\"Pour plus d&rsquo;informations Contactez-nous Nous serons ravis de vous accompagner \u00e0 chaque \u00e9tape de r\u00e9alisation de vos projets. +223 77871787 info@g-waytech.com\" \/>\n<meta property=\"og:url\" content=\"https:\/\/g-waytech.com\/en\/contact\/\" \/>\n<meta property=\"og:site_name\" content=\"G-WayTech\" \/>\n<meta property=\"article:modified_time\" content=\"2026-03-12T10:27:02+00:00\" \/>\n<meta property=\"og:image\" content=\"https:\/\/g-waytech.com\/wp-content\/uploads\/2026\/02\/Us-army.png\" \/>\n<meta name=\"twitter:card\" content=\"summary_large_image\" \/>\n<meta name=\"twitter:label1\" content=\"Est. reading time\" \/>\n\t<meta name=\"twitter:data1\" content=\"1 minute\" \/>\n<script type=\"application\/ld+json\" class=\"yoast-schema-graph\">{\"@context\":\"https:\/\/schema.org\",\"@graph\":[{\"@type\":\"WebPage\",\"@id\":\"https:\/\/g-waytech.com\/contact\/\",\"url\":\"https:\/\/g-waytech.com\/contact\/\",\"name\":\"Contact - G-WayTech\",\"isPartOf\":{\"@id\":\"https:\/\/g-waytech.com\/#website\"},\"datePublished\":\"2022-11-06T13:47:50+00:00\",\"dateModified\":\"2026-03-12T10:27:02+00:00\",\"breadcrumb\":{\"@id\":\"https:\/\/g-waytech.com\/contact\/#breadcrumb\"},\"inLanguage\":\"en-US\",\"potentialAction\":[{\"@type\":\"ReadAction\",\"target\":[\"https:\/\/g-waytech.com\/contact\/\"]}]},{\"@type\":\"BreadcrumbList\",\"@id\":\"https:\/\/g-waytech.com\/contact\/#breadcrumb\",\"itemListElement\":[{\"@type\":\"ListItem\",\"position\":1,\"name\":\"Accueil\",\"item\":\"https:\/\/g-waytech.com\/\"},{\"@type\":\"ListItem\",\"position\":2,\"name\":\"Contact\"}]},{\"@type\":\"WebSite\",\"@id\":\"https:\/\/g-waytech.com\/#website\",\"url\":\"https:\/\/g-waytech.com\/\",\"name\":\"G-WayTech\",\"description\":\"\",\"publisher\":{\"@id\":\"https:\/\/g-waytech.com\/#organization\"},\"potentialAction\":[{\"@type\":\"SearchAction\",\"target\":{\"@type\":\"EntryPoint\",\"urlTemplate\":\"https:\/\/g-waytech.com\/?s={search_term_string}\"},\"query-input\":\"required name=search_term_string\"}],\"inLanguage\":\"en-US\"},{\"@type\":\"Organization\",\"@id\":\"https:\/\/g-waytech.com\/#organization\",\"name\":\"G-WayTech\",\"url\":\"https:\/\/g-waytech.com\/\",\"logo\":{\"@type\":\"ImageObject\",\"inLanguage\":\"en-US\",\"@id\":\"https:\/\/g-waytech.com\/#\/schema\/logo\/image\/\",\"url\":\"https:\/\/g-waytech.com\/wp-content\/uploads\/2022\/11\/cropped-G-wayTech.png\",\"contentUrl\":\"https:\/\/g-waytech.com\/wp-content\/uploads\/2022\/11\/cropped-G-wayTech.png\",\"width\":500,\"height\":138,\"caption\":\"G-WayTech\"},\"image\":{\"@id\":\"https:\/\/g-waytech.com\/#\/schema\/logo\/image\/\"}}]}<\/script>\n<!-- \/ Yoast SEO plugin. -->","yoast_head_json":{"title":"Contact - G-WayTech","robots":{"index":"index","follow":"follow","max-snippet":"max-snippet:-1","max-image-preview":"max-image-preview:large","max-video-preview":"max-video-preview:-1"},"canonical":"https:\/\/g-waytech.com\/en\/contact\/","og_locale":"en_US","og_type":"article","og_title":"Contact - G-WayTech","og_description":"Pour plus d&rsquo;informations Contactez-nous Nous serons ravis de vous accompagner \u00e0 chaque \u00e9tape de r\u00e9alisation de vos projets. +223 77871787 info@g-waytech.com","og_url":"https:\/\/g-waytech.com\/en\/contact\/","og_site_name":"G-WayTech","article_modified_time":"2026-03-12T10:27:02+00:00","og_image":[{"url":"https:\/\/g-waytech.com\/wp-content\/uploads\/2026\/02\/Us-army.png"}],"twitter_card":"summary_large_image","twitter_misc":{"Est. reading time":"1 minute"},"schema":{"@context":"https:\/\/schema.org","@graph":[{"@type":"WebPage","@id":"https:\/\/g-waytech.com\/contact\/","url":"https:\/\/g-waytech.com\/contact\/","name":"Contact - G-WayTech","isPartOf":{"@id":"https:\/\/g-waytech.com\/#website"},"datePublished":"2022-11-06T13:47:50+00:00","dateModified":"2026-03-12T10:27:02+00:00","breadcrumb":{"@id":"https:\/\/g-waytech.com\/contact\/#breadcrumb"},"inLanguage":"en-US","potentialAction":[{"@type":"ReadAction","target":["https:\/\/g-waytech.com\/contact\/"]}]},{"@type":"BreadcrumbList","@id":"https:\/\/g-waytech.com\/contact\/#breadcrumb","itemListElement":[{"@type":"ListItem","position":1,"name":"Accueil","item":"https:\/\/g-waytech.com\/"},{"@type":"ListItem","position":2,"name":"Contact"}]},{"@type":"WebSite","@id":"https:\/\/g-waytech.com\/#website","url":"https:\/\/g-waytech.com\/","name":"G-WayTech","description":"","publisher":{"@id":"https:\/\/g-waytech.com\/#organization"},"potentialAction":[{"@type":"SearchAction","target":{"@type":"EntryPoint","urlTemplate":"https:\/\/g-waytech.com\/?s={search_term_string}"},"query-input":"required name=search_term_string"}],"inLanguage":"en-US"},{"@type":"Organization","@id":"https:\/\/g-waytech.com\/#organization","name":"G-WayTech","url":"https:\/\/g-waytech.com\/","logo":{"@type":"ImageObject","inLanguage":"en-US","@id":"https:\/\/g-waytech.com\/#\/schema\/logo\/image\/","url":"https:\/\/g-waytech.com\/wp-content\/uploads\/2022\/11\/cropped-G-wayTech.png","contentUrl":"https:\/\/g-waytech.com\/wp-content\/uploads\/2022\/11\/cropped-G-wayTech.png","width":500,"height":138,"caption":"G-WayTech"},"image":{"@id":"https:\/\/g-waytech.com\/#\/schema\/logo\/image\/"}}]}},"_links":{"self":[{"href":"https:\/\/g-waytech.com\/en\/wp-json\/wp\/v2\/pages\/12","targetHints":{"allow":["GET"]}}],"collection":[{"href":"https:\/\/g-waytech.com\/en\/wp-json\/wp\/v2\/pages"}],"about":[{"href":"https:\/\/g-waytech.com\/en\/wp-json\/wp\/v2\/types\/page"}],"author":[{"embeddable":true,"href":"https:\/\/g-waytech.com\/en\/wp-json\/wp\/v2\/users\/1"}],"replies":[{"embeddable":true,"href":"https:\/\/g-waytech.com\/en\/wp-json\/wp\/v2\/comments?post=12"}],"version-history":[{"count":28,"href":"https:\/\/g-waytech.com\/en\/wp-json\/wp\/v2\/pages\/12\/revisions"}],"predecessor-version":[{"id":2516,"href":"https:\/\/g-waytech.com\/en\/wp-json\/wp\/v2\/pages\/12\/revisions\/2516"}],"wp:attachment":[{"href":"https:\/\/g-waytech.com\/en\/wp-json\/wp\/v2\/media?parent=12"}],"curies":[{"name":"wp","href":"https:\/\/api.w.org\/{rel}","templated":true}]}}