{"id":918,"date":"2024-09-25T09:44:12","date_gmt":"2024-09-25T09:44:12","guid":{"rendered":"https:\/\/g-waytech.com\/?page_id=918"},"modified":"2024-10-28T23:08:10","modified_gmt":"2024-10-28T23:08:10","slug":"atlas","status":"publish","type":"page","link":"https:\/\/g-waytech.com\/en\/atlas\/","title":{"rendered":"ATLAS"},"content":{"rendered":"<div data-elementor-type=\"wp-page\" data-elementor-id=\"918\" class=\"elementor elementor-918\">\n\t\t\t\t\t\t\t\t\t<header class=\"elementor-section elementor-top-section elementor-element elementor-element-19e0b6a1 elementor-section-full_width elementor-section-height-default elementor-section-height-default\" data-id=\"19e0b6a1\" data-element_type=\"section\" data-settings=\"{&quot;background_background&quot;:&quot;classic&quot;}\">\n\t\t\t\t\t\t<div class=\"elementor-container elementor-column-gap-extended\">\n\t\t\t\t\t<div class=\"elementor-column elementor-col-100 elementor-top-column elementor-element elementor-element-6d8b9ba\" data-id=\"6d8b9ba\" data-element_type=\"column\">\n\t\t\t<div class=\"elementor-widget-wrap elementor-element-populated\">\n\t\t\t\t\t\t\t\t<div class=\"elementor-element elementor-element-5a32512a elementor-invisible elementor-widget elementor-widget-heading\" data-id=\"5a32512a\" data-element_type=\"widget\" data-settings=\"{&quot;_animation&quot;:&quot;fadeInDown&quot;}\" data-widget_type=\"heading.default\">\n\t\t\t\t<div class=\"elementor-widget-container\">\n\t\t\t<style>\/*! elementor - v3.16.0 - 09-10-2023 *\/\n.elementor-heading-title{padding:0;margin:0;line-height:1}.elementor-widget-heading .elementor-heading-title[class*=elementor-size-]>a{color:inherit;font-size:inherit;line-height:inherit}.elementor-widget-heading .elementor-heading-title.elementor-size-small{font-size:15px}.elementor-widget-heading .elementor-heading-title.elementor-size-medium{font-size:19px}.elementor-widget-heading .elementor-heading-title.elementor-size-large{font-size:29px}.elementor-widget-heading .elementor-heading-title.elementor-size-xl{font-size:39px}.elementor-widget-heading .elementor-heading-title.elementor-size-xxl{font-size:59px}<\/style><h1 class=\"elementor-heading-title elementor-size-default\">ATLAS<\/h1>\t\t<\/div>\n\t\t\t\t<\/div>\n\t\t\t\t<div class=\"elementor-element elementor-element-35d159ea elementor-invisible elementor-widget elementor-widget-text-editor\" data-id=\"35d159ea\" data-element_type=\"widget\" data-settings=\"{&quot;_animation&quot;:&quot;fadeInUp&quot;,&quot;_animation_delay&quot;:200}\" data-widget_type=\"text-editor.default\">\n\t\t\t\t<div class=\"elementor-widget-container\">\n\t\t\t<style>\/*! elementor - v3.16.0 - 09-10-2023 *\/\n.elementor-widget-text-editor.elementor-drop-cap-view-stacked .elementor-drop-cap{background-color:#69727d;color:#fff}.elementor-widget-text-editor.elementor-drop-cap-view-framed .elementor-drop-cap{color:#69727d;border:3px solid;background-color:transparent}.elementor-widget-text-editor:not(.elementor-drop-cap-view-default) .elementor-drop-cap{margin-top:8px}.elementor-widget-text-editor:not(.elementor-drop-cap-view-default) .elementor-drop-cap-letter{width:1em;height:1em}.elementor-widget-text-editor .elementor-drop-cap{float:left;text-align:center;line-height:1;font-size:50px}.elementor-widget-text-editor .elementor-drop-cap-letter{display:inline-block}<\/style>\t\t\t\t<p>Automated Take-Off and Landing Assessment System<\/p>\t\t\t\t\t\t<\/div>\n\t\t\t\t<\/div>\n\t\t\t\t\t<\/div>\n\t\t<\/div>\n\t\t\t\t\t\t\t<\/div>\n\t\t<\/header>\n\t\t\t\t<section class=\"elementor-section elementor-top-section elementor-element elementor-element-c4e9255 elementor-section-boxed elementor-section-height-default elementor-section-height-default\" data-id=\"c4e9255\" data-element_type=\"section\">\n\t\t\t\t\t\t<div class=\"elementor-container elementor-column-gap-default\">\n\t\t\t\t\t<div class=\"elementor-column elementor-col-100 elementor-top-column elementor-element elementor-element-633cac9\" data-id=\"633cac9\" data-element_type=\"column\">\n\t\t\t<div class=\"elementor-widget-wrap elementor-element-populated\">\n\t\t\t\t\t\t\t\t<div class=\"elementor-element elementor-element-4792ee8a elementor-invisible elementor-widget elementor-widget-text-editor\" data-id=\"4792ee8a\" data-element_type=\"widget\" data-settings=\"{&quot;_animation&quot;:&quot;fadeInUp&quot;,&quot;_animation_delay&quot;:200}\" data-widget_type=\"text-editor.default\">\n\t\t\t\t<div class=\"elementor-widget-container\">\n\t\t\t\t\t\t\t<h2 class=\"title-comp\" data-v-7c0b66be=\"\">Une surveillance 24h\/24 et 7j\/7 qui met en pratique de mani\u00e8re automatique les valeurs du Global Reporting Format (GRF)<\/h2>\t\t\t\t\t\t<\/div>\n\t\t\t\t<\/div>\n\t\t\t\t\t<\/div>\n\t\t<\/div>\n\t\t\t\t\t\t\t<\/div>\n\t\t<\/section>\n\t\t\t\t<section class=\"elementor-section elementor-top-section elementor-element elementor-element-3d8e3304 elementor-section-content-middle elementor-section-boxed elementor-section-height-default elementor-section-height-default\" data-id=\"3d8e3304\" data-element_type=\"section\" data-settings=\"{&quot;background_background&quot;:&quot;classic&quot;}\">\n\t\t\t\t\t\t<div class=\"elementor-container elementor-column-gap-extended\">\n\t\t\t\t\t<div class=\"elementor-column elementor-col-50 elementor-top-column elementor-element elementor-element-144784cb\" data-id=\"144784cb\" data-element_type=\"column\">\n\t\t\t<div class=\"elementor-widget-wrap elementor-element-populated\">\n\t\t\t\t\t\t\t\t<div class=\"elementor-element elementor-element-79c8356c elementor-pagination-position-inside elementor-widget elementor-widget-image-carousel\" data-id=\"79c8356c\" data-element_type=\"widget\" data-settings=\"{&quot;slides_to_show&quot;:&quot;1&quot;,&quot;slides_to_show_tablet&quot;:&quot;1&quot;,&quot;slides_to_show_mobile&quot;:&quot;1&quot;,&quot;navigation&quot;:&quot;dots&quot;,&quot;autoplay&quot;:&quot;yes&quot;,&quot;pause_on_hover&quot;:&quot;yes&quot;,&quot;pause_on_interaction&quot;:&quot;yes&quot;,&quot;autoplay_speed&quot;:5000,&quot;infinite&quot;:&quot;yes&quot;,&quot;effect&quot;:&quot;slide&quot;,&quot;speed&quot;:500}\" data-widget_type=\"image-carousel.default\">\n\t\t\t\t<div class=\"elementor-widget-container\">\n\t\t\t<style>\/*! elementor - v3.16.0 - 09-10-2023 *\/\n.elementor-widget-image-carousel .swiper,.elementor-widget-image-carousel .swiper-container{position:static}.elementor-widget-image-carousel .swiper-container .swiper-slide figure,.elementor-widget-image-carousel .swiper .swiper-slide figure{line-height:inherit}.elementor-widget-image-carousel .swiper-slide{text-align:center}.elementor-image-carousel-wrapper:not(.swiper-container-initialized):not(.swiper-initialized) .swiper-slide{max-width:calc(100% \/ var(--e-image-carousel-slides-to-show, 3))}<\/style>\t\t<div class=\"elementor-image-carousel-wrapper swiper-container\" dir=\"ltr\">\n\t\t\t<div class=\"elementor-image-carousel swiper-wrapper\" aria-live=\"off\">\n\t\t\t\t\t\t\t\t<div class=\"swiper-slide\" role=\"group\" aria-roledescription=\"slide\" aria-label=\"1 of 1\"><figure class=\"swiper-slide-inner\"><img decoding=\"async\" class=\"swiper-slide-image\" src=\"https:\/\/g-waytech.com\/wp-content\/uploads\/2024\/09\/Anti-FOD-Atelier-Hangar.png\" alt=\"Anti-FOD (Atelier &amp; Hangar)\" \/><\/figure><\/div>\t\t\t<\/div>\n\t\t\t\t\t<\/div>\n\t\t\t\t<\/div>\n\t\t\t\t<\/div>\n\t\t\t\t\t<\/div>\n\t\t<\/div>\n\t\t\t\t<div class=\"elementor-column elementor-col-50 elementor-top-column elementor-element elementor-element-5aafb726\" data-id=\"5aafb726\" data-element_type=\"column\" data-settings=\"{&quot;background_background&quot;:&quot;classic&quot;}\">\n\t\t\t<div class=\"elementor-widget-wrap elementor-element-populated\">\n\t\t\t\t\t\t\t\t<div class=\"elementor-element elementor-element-2e936fc0 elementor-widget elementor-widget-text-editor\" data-id=\"2e936fc0\" data-element_type=\"widget\" data-widget_type=\"text-editor.default\">\n\t\t\t\t<div class=\"elementor-widget-container\">\n\t\t\t\t\t\t\t<div class=\"components content-dcl flex flex-direction-column content-margin-24\" data-v-7c0b66be=\"\"><div class=\"description-wrapper-comp\"><div class=\"mkd type-medium-body description-comp color-transparent-blue-70\"><p>G-WayTech s\u2019associe avec l\u2019entreprise Boschung pour offrir une solution unique pour les a\u00e9roports du continent africain\u00a0: la solution ATLAS.<\/p><p>La solution ATLAS surveille la pr\u00e9sence de contaminants sur la surface de la piste, pour l\u2019\u00e9valuation de l\u2019\u00e9tat des pistes d\u2019atterrissage. Ces contaminants peuvent avoir des effets n\u00e9fastes sur les actions de freinage, et ainsi entra\u00eener un risque \u00e9lev\u00e9 de sortie de piste.<\/p>Le syst\u00e8me ATLAS fournit en temps r\u00e9el une \u00e9valuation de l\u2019\u00e9tat de la surface conform\u00e9ment aux exigences de l\u2019OACI concernant le Global Reporting Format (GRF) :<br \/><ul><li>Code de l&rsquo;\u00e9tat de la piste (RWYCC), un nombre entre 0 et 6 qui refl\u00e8te la capacit\u00e9 de freinage de la piste en fonction de l&rsquo;\u00e9tat de la surface<\/li><li>Une description standardis\u00e9e du type de contamination sur la piste<\/li><li>Une \u00e9valuation de la profondeur de la contamination<\/li><li>Une \u00e9valuation de la couverture de la contamination<\/li><\/ul><p><span lang=\"FR-CH\">ATLAS est une solution qui a fait ses preuves dans de nombreux a\u00e9roports et qui est applicable dans les r\u00e9gions \u00e0 climat chaud, o\u00f9 seule la pluie peut impacter les conditions d\u2019atterrissage. En effet, l\u2019eau stagnante \u00e0 une \u00e9paisseur sup\u00e9rieure \u00e0 3mm est consid\u00e9r\u00e9e comme dangereuse dans le milieu a\u00e9roportuaire.<\/span><\/p><\/div><\/div><\/div>\t\t\t\t\t\t<\/div>\n\t\t\t\t<\/div>\n\t\t\t\t\t<\/div>\n\t\t<\/div>\n\t\t\t\t\t\t\t<\/div>\n\t\t<\/section>\n\t\t\t\t<section class=\"elementor-section elementor-top-section elementor-element elementor-element-5e4ba9d elementor-section-boxed elementor-section-height-default elementor-section-height-default\" data-id=\"5e4ba9d\" data-element_type=\"section\">\n\t\t\t\t\t\t<div class=\"elementor-container elementor-column-gap-default\">\n\t\t\t\t\t<div class=\"elementor-column elementor-col-100 elementor-top-column elementor-element elementor-element-0614479\" data-id=\"0614479\" data-element_type=\"column\">\n\t\t\t<div class=\"elementor-widget-wrap elementor-element-populated\">\n\t\t\t\t\t\t\t\t<div class=\"elementor-element elementor-element-768c671 elementor-widget elementor-widget-image\" data-id=\"768c671\" data-element_type=\"widget\" data-widget_type=\"image.default\">\n\t\t\t\t<div class=\"elementor-widget-container\">\n\t\t\t<style>\/*! elementor - v3.16.0 - 09-10-2023 *\/\n.elementor-widget-image{text-align:center}.elementor-widget-image a{display:inline-block}.elementor-widget-image a img[src$=\".svg\"]{width:48px}.elementor-widget-image img{vertical-align:middle;display:inline-block}<\/style>\t\t\t\t\t\t\t\t\t\t\t\t<img loading=\"lazy\" decoding=\"async\" width=\"787\" height=\"680\" src=\"https:\/\/g-waytech.com\/wp-content\/uploads\/2024\/10\/Tableau-GRF.png\" class=\"attachment-2048x2048 size-2048x2048 wp-image-2084\" alt=\"\" srcset=\"https:\/\/g-waytech.com\/wp-content\/uploads\/2024\/10\/Tableau-GRF.png 787w, https:\/\/g-waytech.com\/wp-content\/uploads\/2024\/10\/Tableau-GRF-300x259.png 300w, https:\/\/g-waytech.com\/wp-content\/uploads\/2024\/10\/Tableau-GRF-768x664.png 768w, https:\/\/g-waytech.com\/wp-content\/uploads\/2024\/10\/Tableau-GRF-14x12.png 14w\" sizes=\"auto, (max-width: 787px) 100vw, 787px\" \/>\t\t\t\t\t\t\t\t\t\t\t\t\t\t\t<\/div>\n\t\t\t\t<\/div>\n\t\t\t\t<div class=\"elementor-element elementor-element-a360336 elementor-widget elementor-widget-text-editor\" data-id=\"a360336\" data-element_type=\"widget\" data-widget_type=\"text-editor.default\">\n\t\t\t\t<div class=\"elementor-widget-container\">\n\t\t\t\t\t\t\t<p>Les informations du GRF sont ensuite utilis\u00e9es pour \u00e9tablir un rapport standard appel\u00e9 \u00ab\u00a0Rapport sur l&rsquo;\u00e9tat des pistes\u00a0\u00bb (RCR). Le RCR est l&rsquo;information transmise aux pilotes afin qu&rsquo;ils puissent planifier le processus d&rsquo;atterrissage en fonction des performances de freinage estim\u00e9es de l&rsquo;avion.<\/p>\t\t\t\t\t\t<\/div>\n\t\t\t\t<\/div>\n\t\t\t\t\t<\/div>\n\t\t<\/div>\n\t\t\t\t\t\t\t<\/div>\n\t\t<\/section>\n\t\t\t\t<section class=\"elementor-section elementor-top-section elementor-element elementor-element-7c45ca41 elementor-section-content-middle elementor-section-boxed elementor-section-height-default elementor-section-height-default\" data-id=\"7c45ca41\" data-element_type=\"section\" data-settings=\"{&quot;background_background&quot;:&quot;classic&quot;}\">\n\t\t\t\t\t\t<div class=\"elementor-container elementor-column-gap-extended\">\n\t\t\t\t\t<div class=\"elementor-column elementor-col-50 elementor-top-column elementor-element elementor-element-2f27c68e\" data-id=\"2f27c68e\" data-element_type=\"column\">\n\t\t\t<div class=\"elementor-widget-wrap elementor-element-populated\">\n\t\t\t\t\t\t\t\t<div class=\"elementor-element elementor-element-175e00a8 elementor-invisible elementor-widget elementor-widget-text-editor\" data-id=\"175e00a8\" data-element_type=\"widget\" data-settings=\"{&quot;_animation&quot;:&quot;fadeInUp&quot;,&quot;_animation_delay&quot;:200}\" data-widget_type=\"text-editor.default\">\n\t\t\t\t<div class=\"elementor-widget-container\">\n\t\t\t\t\t\t\t<h2 class=\"title-comp\" data-v-7c0b66be=\"\">Visualisation des valeurs GRF de toutes les pistes en un coup d&rsquo;\u0153il<\/h2>\t\t\t\t\t\t<\/div>\n\t\t\t\t<\/div>\n\t\t\t\t<div class=\"elementor-element elementor-element-f44be91 elementor-widget elementor-widget-text-editor\" data-id=\"f44be91\" data-element_type=\"widget\" data-widget_type=\"text-editor.default\">\n\t\t\t\t<div class=\"elementor-widget-container\">\n\t\t\t\t\t\t\t<p>Les r\u00e9sultats de la surveillance des pistes peuvent \u00eatre visualis\u00e9s directement sur la plate-forme web bVision. Toutes les pistes sont affich\u00e9es, en un coup d&rsquo;\u0153il vous avez la vue sur toutes les informations du Global Reporting Format. Le RWYCC ainsi que le type de contaminant, sa profondeur et sa couverture sont visibles \u00e0 l&rsquo;\u00e9cran de mani\u00e8re tr\u00e8s intuitive. A c\u00f4t\u00e9 des codes de piste, un sch\u00e9ma de couleurs apporte une clart\u00e9 implicite sur la vue d&rsquo;ensemble de l&rsquo;\u00e9tat des pistes.<\/p><p><span lang=\"FR-CH\">Le syst\u00e8me comporte une alarme en cas de changements significatifs. Lors du d\u00e9clenchement d\u2019une telle alarme, les surveillants de piste peuvent cr\u00e9er un nouveau RCR directement depuis bVision. Les donn\u00e9es mesur\u00e9es sur la piste sont automatiquement int\u00e9gr\u00e9es dans les champs du RCR, que les surveillants peuvent ainsi valider ou modifier avant de transmettre le RCR \u00e0 la tour de contr\u00f4le.<\/span><\/p>\t\t\t\t\t\t<\/div>\n\t\t\t\t<\/div>\n\t\t\t\t\t<\/div>\n\t\t<\/div>\n\t\t\t\t<div class=\"elementor-column elementor-col-50 elementor-top-column elementor-element elementor-element-3016c120\" data-id=\"3016c120\" data-element_type=\"column\">\n\t\t\t<div class=\"elementor-widget-wrap elementor-element-populated\">\n\t\t\t\t\t\t\t\t<div class=\"elementor-element elementor-element-82667fe elementor-widget elementor-widget-image\" data-id=\"82667fe\" data-element_type=\"widget\" data-widget_type=\"image.default\">\n\t\t\t\t<div class=\"elementor-widget-container\">\n\t\t\t\t\t\t\t\t\t\t\t\t\t\t\t<img loading=\"lazy\" decoding=\"async\" width=\"723\" height=\"498\" src=\"https:\/\/g-waytech.com\/wp-content\/uploads\/2024\/09\/bvision.png\" class=\"attachment-large size-large wp-image-960\" alt=\"\" srcset=\"https:\/\/g-waytech.com\/wp-content\/uploads\/2024\/09\/bvision.png 723w, https:\/\/g-waytech.com\/wp-content\/uploads\/2024\/09\/bvision-300x207.png 300w, https:\/\/g-waytech.com\/wp-content\/uploads\/2024\/09\/bvision-18x12.png 18w\" sizes=\"auto, (max-width: 723px) 100vw, 723px\" \/>\t\t\t\t\t\t\t\t\t\t\t\t\t\t\t<\/div>\n\t\t\t\t<\/div>\n\t\t\t\t\t<\/div>\n\t\t<\/div>\n\t\t\t\t\t\t\t<\/div>\n\t\t<\/section>\n\t\t\t\t<section class=\"elementor-section elementor-top-section elementor-element elementor-element-65b9c56c elementor-section-content-middle elementor-section-height-min-height elementor-section-boxed elementor-section-height-default elementor-section-items-middle\" data-id=\"65b9c56c\" data-element_type=\"section\" data-settings=\"{&quot;background_background&quot;:&quot;classic&quot;}\">\n\t\t\t\t\t\t\t<div class=\"elementor-background-overlay\"><\/div>\n\t\t\t\t\t\t\t<div class=\"elementor-container elementor-column-gap-default\">\n\t\t\t\t\t<div class=\"elementor-column elementor-col-100 elementor-top-column elementor-element elementor-element-7c9117a5\" data-id=\"7c9117a5\" data-element_type=\"column\">\n\t\t\t<div class=\"elementor-widget-wrap elementor-element-populated\">\n\t\t\t\t\t\t\t\t<div class=\"elementor-element elementor-element-4e577bba elementor-invisible elementor-widget elementor-widget-text-editor\" data-id=\"4e577bba\" data-element_type=\"widget\" data-settings=\"{&quot;_animation&quot;:&quot;fadeInDown&quot;}\" data-widget_type=\"text-editor.default\">\n\t\t\t\t<div class=\"elementor-widget-container\">\n\t\t\t\t\t\t\t<p>En savoir plus ou demander un devis ?<\/p>\t\t\t\t\t\t<\/div>\n\t\t\t\t<\/div>\n\t\t\t\t<div class=\"elementor-element elementor-element-395b168b animated-slow elementor-invisible elementor-widget elementor-widget-heading\" data-id=\"395b168b\" data-element_type=\"widget\" data-settings=\"{&quot;_animation&quot;:&quot;fadeIn&quot;,&quot;_animation_delay&quot;:600}\" data-widget_type=\"heading.default\">\n\t\t\t\t<div class=\"elementor-widget-container\">\n\t\t\t<h2 class=\"elementor-heading-title elementor-size-default\">Contactez-nous!<\/h2>\t\t<\/div>\n\t\t\t\t<\/div>\n\t\t\t\t\t<\/div>\n\t\t<\/div>\n\t\t\t\t\t\t\t<\/div>\n\t\t<\/section>\n\t\t\t\t\t\t\t<\/div>","protected":false},"excerpt":{"rendered":"<p>ATLAS Automated Take-Off and Landing Assessment System Une surveillance 24h\/24 et 7j\/7 qui met en pratique de mani\u00e8re automatique les valeurs du Global Reporting Format (GRF) G-WayTech s\u2019associe avec l\u2019entreprise Boschung pour offrir une solution unique pour les a\u00e9roports du continent africain\u00a0: la solution ATLAS. La solution ATLAS surveille la pr\u00e9sence de contaminants sur la [&hellip;]<\/p>","protected":false},"author":1,"featured_media":0,"parent":0,"menu_order":0,"comment_status":"closed","ping_status":"closed","template":"","meta":{"footnotes":""},"class_list":["post-918","page","type-page","status-publish","hentry","entry"],"yoast_head":"<!-- This site is optimized with the Yoast SEO plugin v21.3 - https:\/\/yoast.com\/wordpress\/plugins\/seo\/ -->\n<title>ATLAS - G-WayTech<\/title>\n<meta name=\"robots\" content=\"index, follow, max-snippet:-1, max-image-preview:large, max-video-preview:-1\" \/>\n<link rel=\"canonical\" href=\"https:\/\/g-waytech.com\/en\/atlas\/\" \/>\n<meta property=\"og:locale\" content=\"en_US\" \/>\n<meta property=\"og:type\" content=\"article\" \/>\n<meta property=\"og:title\" content=\"ATLAS - G-WayTech\" \/>\n<meta property=\"og:description\" content=\"ATLAS Automated Take-Off and Landing Assessment System Une surveillance 24h\/24 et 7j\/7 qui met en pratique de mani\u00e8re automatique les valeurs du Global Reporting Format (GRF) G-WayTech s\u2019associe avec l\u2019entreprise Boschung pour offrir une solution unique pour les a\u00e9roports du continent africain\u00a0: la solution ATLAS. La solution ATLAS surveille la pr\u00e9sence de contaminants sur la [&hellip;]\" \/>\n<meta property=\"og:url\" content=\"https:\/\/g-waytech.com\/en\/atlas\/\" \/>\n<meta property=\"og:site_name\" content=\"G-WayTech\" \/>\n<meta property=\"article:modified_time\" content=\"2024-10-28T23:08:10+00:00\" \/>\n<meta property=\"og:image\" content=\"https:\/\/g-waytech.com\/wp-content\/uploads\/2024\/09\/Anti-FOD-Atelier-Hangar.png\" \/>\n<meta name=\"twitter:card\" content=\"summary_large_image\" \/>\n<meta name=\"twitter:label1\" content=\"Est. reading time\" \/>\n\t<meta name=\"twitter:data1\" content=\"3 minutes\" \/>\n<script type=\"application\/ld+json\" class=\"yoast-schema-graph\">{\"@context\":\"https:\/\/schema.org\",\"@graph\":[{\"@type\":\"WebPage\",\"@id\":\"https:\/\/g-waytech.com\/atlas\/\",\"url\":\"https:\/\/g-waytech.com\/atlas\/\",\"name\":\"ATLAS - G-WayTech\",\"isPartOf\":{\"@id\":\"https:\/\/g-waytech.com\/#website\"},\"datePublished\":\"2024-09-25T09:44:12+00:00\",\"dateModified\":\"2024-10-28T23:08:10+00:00\",\"breadcrumb\":{\"@id\":\"https:\/\/g-waytech.com\/atlas\/#breadcrumb\"},\"inLanguage\":\"en-US\",\"potentialAction\":[{\"@type\":\"ReadAction\",\"target\":[\"https:\/\/g-waytech.com\/atlas\/\"]}]},{\"@type\":\"BreadcrumbList\",\"@id\":\"https:\/\/g-waytech.com\/atlas\/#breadcrumb\",\"itemListElement\":[{\"@type\":\"ListItem\",\"position\":1,\"name\":\"Accueil\",\"item\":\"https:\/\/g-waytech.com\/\"},{\"@type\":\"ListItem\",\"position\":2,\"name\":\"ATLAS\"}]},{\"@type\":\"WebSite\",\"@id\":\"https:\/\/g-waytech.com\/#website\",\"url\":\"https:\/\/g-waytech.com\/\",\"name\":\"G-WayTech\",\"description\":\"\",\"publisher\":{\"@id\":\"https:\/\/g-waytech.com\/#organization\"},\"potentialAction\":[{\"@type\":\"SearchAction\",\"target\":{\"@type\":\"EntryPoint\",\"urlTemplate\":\"https:\/\/g-waytech.com\/?s={search_term_string}\"},\"query-input\":\"required name=search_term_string\"}],\"inLanguage\":\"en-US\"},{\"@type\":\"Organization\",\"@id\":\"https:\/\/g-waytech.com\/#organization\",\"name\":\"G-WayTech\",\"url\":\"https:\/\/g-waytech.com\/\",\"logo\":{\"@type\":\"ImageObject\",\"inLanguage\":\"en-US\",\"@id\":\"https:\/\/g-waytech.com\/#\/schema\/logo\/image\/\",\"url\":\"https:\/\/g-waytech.com\/wp-content\/uploads\/2022\/11\/cropped-G-wayTech.png\",\"contentUrl\":\"https:\/\/g-waytech.com\/wp-content\/uploads\/2022\/11\/cropped-G-wayTech.png\",\"width\":500,\"height\":138,\"caption\":\"G-WayTech\"},\"image\":{\"@id\":\"https:\/\/g-waytech.com\/#\/schema\/logo\/image\/\"}}]}<\/script>\n<!-- \/ Yoast SEO plugin. -->","yoast_head_json":{"title":"ATLAS - G-WayTech","robots":{"index":"index","follow":"follow","max-snippet":"max-snippet:-1","max-image-preview":"max-image-preview:large","max-video-preview":"max-video-preview:-1"},"canonical":"https:\/\/g-waytech.com\/en\/atlas\/","og_locale":"en_US","og_type":"article","og_title":"ATLAS - G-WayTech","og_description":"ATLAS Automated Take-Off and Landing Assessment System Une surveillance 24h\/24 et 7j\/7 qui met en pratique de mani\u00e8re automatique les valeurs du Global Reporting Format (GRF) G-WayTech s\u2019associe avec l\u2019entreprise Boschung pour offrir une solution unique pour les a\u00e9roports du continent africain\u00a0: la solution ATLAS. La solution ATLAS surveille la pr\u00e9sence de contaminants sur la [&hellip;]","og_url":"https:\/\/g-waytech.com\/en\/atlas\/","og_site_name":"G-WayTech","article_modified_time":"2024-10-28T23:08:10+00:00","og_image":[{"url":"https:\/\/g-waytech.com\/wp-content\/uploads\/2024\/09\/Anti-FOD-Atelier-Hangar.png"}],"twitter_card":"summary_large_image","twitter_misc":{"Est. reading time":"3 minutes"},"schema":{"@context":"https:\/\/schema.org","@graph":[{"@type":"WebPage","@id":"https:\/\/g-waytech.com\/atlas\/","url":"https:\/\/g-waytech.com\/atlas\/","name":"ATLAS - G-WayTech","isPartOf":{"@id":"https:\/\/g-waytech.com\/#website"},"datePublished":"2024-09-25T09:44:12+00:00","dateModified":"2024-10-28T23:08:10+00:00","breadcrumb":{"@id":"https:\/\/g-waytech.com\/atlas\/#breadcrumb"},"inLanguage":"en-US","potentialAction":[{"@type":"ReadAction","target":["https:\/\/g-waytech.com\/atlas\/"]}]},{"@type":"BreadcrumbList","@id":"https:\/\/g-waytech.com\/atlas\/#breadcrumb","itemListElement":[{"@type":"ListItem","position":1,"name":"Accueil","item":"https:\/\/g-waytech.com\/"},{"@type":"ListItem","position":2,"name":"ATLAS"}]},{"@type":"WebSite","@id":"https:\/\/g-waytech.com\/#website","url":"https:\/\/g-waytech.com\/","name":"G-WayTech","description":"","publisher":{"@id":"https:\/\/g-waytech.com\/#organization"},"potentialAction":[{"@type":"SearchAction","target":{"@type":"EntryPoint","urlTemplate":"https:\/\/g-waytech.com\/?s={search_term_string}"},"query-input":"required name=search_term_string"}],"inLanguage":"en-US"},{"@type":"Organization","@id":"https:\/\/g-waytech.com\/#organization","name":"G-WayTech","url":"https:\/\/g-waytech.com\/","logo":{"@type":"ImageObject","inLanguage":"en-US","@id":"https:\/\/g-waytech.com\/#\/schema\/logo\/image\/","url":"https:\/\/g-waytech.com\/wp-content\/uploads\/2022\/11\/cropped-G-wayTech.png","contentUrl":"https:\/\/g-waytech.com\/wp-content\/uploads\/2022\/11\/cropped-G-wayTech.png","width":500,"height":138,"caption":"G-WayTech"},"image":{"@id":"https:\/\/g-waytech.com\/#\/schema\/logo\/image\/"}}]}},"_links":{"self":[{"href":"https:\/\/g-waytech.com\/en\/wp-json\/wp\/v2\/pages\/918","targetHints":{"allow":["GET"]}}],"collection":[{"href":"https:\/\/g-waytech.com\/en\/wp-json\/wp\/v2\/pages"}],"about":[{"href":"https:\/\/g-waytech.com\/en\/wp-json\/wp\/v2\/types\/page"}],"author":[{"embeddable":true,"href":"https:\/\/g-waytech.com\/en\/wp-json\/wp\/v2\/users\/1"}],"replies":[{"embeddable":true,"href":"https:\/\/g-waytech.com\/en\/wp-json\/wp\/v2\/comments?post=918"}],"version-history":[{"count":146,"href":"https:\/\/g-waytech.com\/en\/wp-json\/wp\/v2\/pages\/918\/revisions"}],"predecessor-version":[{"id":2091,"href":"https:\/\/g-waytech.com\/en\/wp-json\/wp\/v2\/pages\/918\/revisions\/2091"}],"wp:attachment":[{"href":"https:\/\/g-waytech.com\/en\/wp-json\/wp\/v2\/media?parent=918"}],"curies":[{"name":"wp","href":"https:\/\/api.w.org\/{rel}","templated":true}]}}